{"id":2885,"date":"2026-05-09T13:02:07","date_gmt":"2026-05-09T06:02:07","guid":{"rendered":"https:\/\/onthepapercard.com\/?page_id=2885"},"modified":"2026-05-09T13:02:07","modified_gmt":"2026-05-09T06:02:07","slug":"qua-tang-thiet-ke-theo-yeu-cau","status":"publish","type":"page","link":"https:\/\/onthepapercard.com\/en\/qua-tang-thiet-ke-theo-yeu-cau\/","title":{"rendered":"Qu\u00e0 T\u1eb7ng Thi\u1ebft k\u1ebf Theo Y\u00eau c\u1ea7u"},"content":{"rendered":"<p>Qu\u00e0 T\u1eb7ng Thi\u1ebft k\u1ebf Theo Y\u00eau c\u1ea7u<\/p>\n<p>S\u1ea3n ph\u1ea9m \u0111a v\u1eadt li\u1ec7u \u2013 C\u00e1 nh\u00e2n h\u00f3a\u00a0 \u2013 Th\u00e2n thi\u1ec7n m\u00f4i tr\u01b0\u1eddng<\/p>","protected":false},"excerpt":{"rendered":"<p>Qu\u00e0 T\u1eb7ng Thi\u1ebft k\u1ebf Theo Y\u00eau c\u1ea7u S\u1ea3n ph\u1ea9m \u0111a v\u1eadt li\u1ec7u \u2013 C\u00e1 nh\u00e2n h\u00f3a\u00a0 \u2013 Th\u00e2n thi\u1ec7n m\u00f4i tr\u01b0\u1eddng<\/p>","protected":false},"author":6,"featured_media":0,"parent":0,"menu_order":0,"comment_status":"closed","ping_status":"closed","template":"","meta":{"_acf_changed":false,"footnotes":""},"class_list":["post-2885","page","type-page","status-publish","hentry"],"acf":[],"_links":{"self":[{"href":"https:\/\/onthepapercard.com\/en\/wp-json\/wp\/v2\/pages\/2885","targetHints":{"allow":["GET"]}}],"collection":[{"href":"https:\/\/onthepapercard.com\/en\/wp-json\/wp\/v2\/pages"}],"about":[{"href":"https:\/\/onthepapercard.com\/en\/wp-json\/wp\/v2\/types\/page"}],"author":[{"embeddable":true,"href":"https:\/\/onthepapercard.com\/en\/wp-json\/wp\/v2\/users\/6"}],"replies":[{"embeddable":true,"href":"https:\/\/onthepapercard.com\/en\/wp-json\/wp\/v2\/comments?post=2885"}],"version-history":[{"count":2,"href":"https:\/\/onthepapercard.com\/en\/wp-json\/wp\/v2\/pages\/2885\/revisions"}],"predecessor-version":[{"id":2888,"href":"https:\/\/onthepapercard.com\/en\/wp-json\/wp\/v2\/pages\/2885\/revisions\/2888"}],"wp:attachment":[{"href":"https:\/\/onthepapercard.com\/en\/wp-json\/wp\/v2\/media?parent=2885"}],"curies":[{"name":"wp","href":"https:\/\/api.w.org\/{rel}","templated":true}]}}