{"id":18,"date":"2025-05-17T00:30:08","date_gmt":"2025-05-16T17:30:08","guid":{"rendered":"http:\/\/onthepapercard.com\/?page_id=18"},"modified":"2025-06-17T12:43:00","modified_gmt":"2025-06-17T05:43:00","slug":"lien-he","status":"publish","type":"page","link":"https:\/\/onthepapercard.com\/en\/lien-he\/","title":{"rendered":"Contact"},"content":{"rendered":"<div data-elementor-type=\"wp-page\" data-elementor-id=\"18\" class=\"elementor elementor-18\" data-elementor-post-type=\"page\">\n\t\t\t\t<div class=\"elementor-element elementor-element-1fa3ef4 e-con-full e-flex elementor-invisible e-con e-parent\" data-id=\"1fa3ef4\" data-element_type=\"container\" data-e-type=\"container\" data-settings=\"{&quot;background_background&quot;:&quot;classic&quot;,&quot;animation&quot;:&quot;fadeIn&quot;}\">\n\t\t\t\t<div class=\"elementor-element elementor-element-d0d5839 elementor-widget elementor-widget-heading\" data-id=\"d0d5839\" data-element_type=\"widget\" data-e-type=\"widget\" data-widget_type=\"heading.default\">\n\t\t\t\t<div class=\"elementor-widget-container\">\n\t\t\t\t\t<h2 class=\"elementor-heading-title elementor-size-default\">CONTACT US<\/h2>\t\t\t\t<\/div>\n\t\t\t\t<\/div>\n\t\t\t\t<\/div>\n\t\t<div class=\"elementor-element elementor-element-d754bae e-flex e-con-boxed elementor-invisible e-con e-parent\" data-id=\"d754bae\" data-element_type=\"container\" data-e-type=\"container\" data-settings=\"{&quot;animation&quot;:&quot;fadeIn&quot;}\">\n\t\t\t\t\t<div class=\"e-con-inner\">\n\t\t<div class=\"elementor-element elementor-element-5634f89 e-con-full e-flex e-con e-child\" data-id=\"5634f89\" data-element_type=\"container\" data-e-type=\"container\">\n\t\t\t\t<div class=\"elementor-element elementor-element-8c83f3e elementor-widget elementor-widget-heading\" data-id=\"8c83f3e\" data-element_type=\"widget\" data-e-type=\"widget\" data-widget_type=\"heading.default\">\n\t\t\t\t<div class=\"elementor-widget-container\">\n\t\t\t\t\t<h2 class=\"elementor-heading-title elementor-size-default\">We are always ready to help you and answer your questions.<\/h2>\t\t\t\t<\/div>\n\t\t\t\t<\/div>\n\t\t\t\t<div class=\"elementor-element elementor-element-d1d25f5 elementor-widget-divider--view-line elementor-widget elementor-widget-divider\" data-id=\"d1d25f5\" data-element_type=\"widget\" data-e-type=\"widget\" data-widget_type=\"divider.default\">\n\t\t\t\t<div class=\"elementor-widget-container\">\n\t\t\t\t\t\t\t<div class=\"elementor-divider\">\n\t\t\t<span class=\"elementor-divider-separator\">\n\t\t\t\t\t\t<\/span>\n\t\t<\/div>\n\t\t\t\t\t\t<\/div>\n\t\t\t\t<\/div>\n\t\t<div class=\"elementor-element elementor-element-cf33257 e-con-full e-flex e-con e-child\" data-id=\"cf33257\" data-element_type=\"container\" data-e-type=\"container\">\n\t\t\t\t<div class=\"elementor-element elementor-element-83edcb5 elementor-widget elementor-widget-heading\" data-id=\"83edcb5\" data-element_type=\"widget\" data-e-type=\"widget\" data-widget_type=\"heading.default\">\n\t\t\t\t<div class=\"elementor-widget-container\">\n\t\t\t\t\t<h2 class=\"elementor-heading-title elementor-size-default\">CONTACT INFORMATION<\/h2>\t\t\t\t<\/div>\n\t\t\t\t<\/div>\n\t\t\t\t<div class=\"elementor-element elementor-element-ee03ebf elementor-icon-list--layout-traditional elementor-list-item-link-full_width elementor-widget elementor-widget-icon-list\" data-id=\"ee03ebf\" data-element_type=\"widget\" data-e-type=\"widget\" data-widget_type=\"icon-list.default\">\n\t\t\t\t<div class=\"elementor-widget-container\">\n\t\t\t\t\t\t\t<ul class=\"elementor-icon-list-items\">\n\t\t\t\t\t\t\t<li class=\"elementor-icon-list-item\">\n\t\t\t\t\t\t\t\t\t\t\t<span class=\"elementor-icon-list-icon\">\n\t\t\t\t\t\t\t<svg xmlns=\"http:\/\/www.w3.org\/2000\/svg\" width=\"22\" height=\"29\" viewbox=\"0 0 22 29\" fill=\"none\"><path d=\"M9.86952 28.4149C1.54516 16.4842 0 15.2597 0 10.875C0 4.86888 4.92485 0 11 0C17.0752 0 22 4.86888 22 10.875C22 15.2597 20.4548 16.4842 12.1305 28.4149C11.5842 29.1951 10.4157 29.195 9.86952 28.4149ZM11 15.4062C13.5313 15.4062 15.5833 13.3775 15.5833 10.875C15.5833 8.37245 13.5313 6.34375 11 6.34375C8.46868 6.34375 6.41667 8.37245 6.41667 10.875C6.41667 13.3775 8.46868 15.4062 11 15.4062Z\" fill=\"#F8A25F\"><\/path><\/svg>\t\t\t\t\t\t<\/span>\n\t\t\t\t\t\t\t\t\t\t<span class=\"elementor-icon-list-text\">27\/6 Binh Phu Street, Tam Phu Ward, Thu Duc City, Ho Chi Minh City, Vietnam <\/span>\n\t\t\t\t\t\t\t\t\t<\/li>\n\t\t\t\t\t\t\t\t<li class=\"elementor-icon-list-item\">\n\t\t\t\t\t\t\t\t\t\t\t<span class=\"elementor-icon-list-icon\">\n\t\t\t\t\t\t\t<svg xmlns=\"http:\/\/www.w3.org\/2000\/svg\" width=\"25\" height=\"25\" viewbox=\"0 0 25 25\" fill=\"none\"><path d=\"M24.2866 17.6656L18.8179 15.3218C18.5843 15.2223 18.3246 15.2013 18.078 15.262C17.8315 15.3228 17.6113 15.462 17.4507 15.6587L15.0288 18.6177C11.2279 16.8256 8.16904 13.7668 6.37695 9.96587L9.33594 7.54399C9.53305 7.38368 9.67256 7.16351 9.73335 6.91682C9.79414 6.67013 9.7729 6.41035 9.67285 6.1768L7.3291 0.708053C7.21929 0.4563 7.02508 0.250751 6.77996 0.126852C6.53483 0.00295173 6.25416 -0.0315334 5.98633 0.0293424L0.908203 1.20122C0.649985 1.26085 0.419602 1.40624 0.254656 1.61366C0.0897096 1.82109 -5.94829e-05 2.07829 2.95713e-08 2.34331C2.95713e-08 14.8677 10.1514 24.9996 22.6562 24.9996C22.9213 24.9997 23.1787 24.91 23.3862 24.7451C23.5937 24.5801 23.7392 24.3497 23.7988 24.0914L24.9707 19.0132C25.0312 18.7441 24.996 18.4623 24.8711 18.2163C24.7463 17.9704 24.5396 17.7756 24.2866 17.6656Z\" fill=\"#F8A25F\"><\/path><\/svg>\t\t\t\t\t\t<\/span>\n\t\t\t\t\t\t\t\t\t\t<span class=\"elementor-icon-list-text\">0918 819 690 or 034 478 2407\u00a0<\/span>\n\t\t\t\t\t\t\t\t\t<\/li>\n\t\t\t\t\t\t\t\t<li class=\"elementor-icon-list-item\">\n\t\t\t\t\t\t\t\t\t\t\t<span class=\"elementor-icon-list-icon\">\n\t\t\t\t\t\t\t<svg xmlns=\"http:\/\/www.w3.org\/2000\/svg\" width=\"25\" height=\"19\" viewbox=\"0 0 25 19\" fill=\"none\"><path d=\"M24.5264 6.19141C24.7168 6.04004 25 6.18164 25 6.4209V16.4062C25 17.7002 23.9502 18.75 22.6562 18.75H2.34375C1.0498 18.75 0 17.7002 0 16.4062V6.42578C0 6.18164 0.27832 6.04492 0.473633 6.19629C1.56738 7.0459 3.01758 8.125 7.99805 11.7432C9.02832 12.4951 10.7666 14.0771 12.5 14.0674C14.2432 14.082 16.0156 12.4658 17.0068 11.7432C21.9873 8.125 23.4326 7.04102 24.5264 6.19141ZM12.5 12.5C13.6328 12.5195 15.2637 11.0742 16.084 10.4785C22.5635 5.77637 23.0566 5.36621 24.5508 4.19434C24.834 3.97461 25 3.63281 25 3.27148V2.34375C25 1.0498 23.9502 0 22.6562 0H2.34375C1.0498 0 0 1.0498 0 2.34375V3.27148C0 3.63281 0.166016 3.96973 0.449219 4.19434C1.94336 5.36133 2.43652 5.77637 8.91602 10.4785C9.73633 11.0742 11.3672 12.5195 12.5 12.5Z\" fill=\"#F8A25F\"><\/path><\/svg>\t\t\t\t\t\t<\/span>\n\t\t\t\t\t\t\t\t\t\t<span class=\"elementor-icon-list-text\">hello@the3dcards.com<\/span>\n\t\t\t\t\t\t\t\t\t<\/li>\n\t\t\t\t\t\t<\/ul>\n\t\t\t\t\t\t<\/div>\n\t\t\t\t<\/div>\n\t\t<div class=\"elementor-element elementor-element-dc1eeb4 e-con-full e-flex e-con e-child\" data-id=\"dc1eeb4\" data-element_type=\"container\" data-e-type=\"container\">\n\t\t\t\t<div class=\"elementor-element elementor-element-39a7924 elementor-widget elementor-widget-heading\" data-id=\"39a7924\" data-element_type=\"widget\" data-e-type=\"widget\" data-widget_type=\"heading.default\">\n\t\t\t\t<div class=\"elementor-widget-container\">\n\t\t\t\t\t<h2 class=\"elementor-heading-title elementor-size-default\">Follow us:<\/h2>\t\t\t\t<\/div>\n\t\t\t\t<\/div>\n\t\t\t\t<div class=\"elementor-element elementor-element-b83d45e elementor-view-default elementor-widget elementor-widget-icon\" data-id=\"b83d45e\" data-element_type=\"widget\" data-e-type=\"widget\" data-widget_type=\"icon.default\">\n\t\t\t\t<div class=\"elementor-widget-container\">\n\t\t\t\t\t\t\t<div class=\"elementor-icon-wrapper\">\n\t\t\t<a class=\"elementor-icon elementor-animation-shrink\" href=\"https:\/\/www.facebook.com\/quatangdoanhnghiep.otp\/\" target=\"_blank\" rel=\"noopener\">\n\t\t\t<svg xmlns=\"http:\/\/www.w3.org\/2000\/svg\" width=\"25\" height=\"25\" viewbox=\"0 0 25 25\" fill=\"none\"><path d=\"M24.2188 12.1094C24.2188 5.41992 18.7988 0 12.1094 0C5.41992 0 0 5.41992 0 12.1094C0 18.1533 4.42822 23.1631 10.2173 24.0723V15.6099H7.14111V12.1094H10.2173V9.44141C10.2173 6.40674 12.0239 4.73047 14.791 4.73047C16.1162 4.73047 17.502 4.9668 17.502 4.9668V7.94531H15.9746C14.4707 7.94531 14.0015 8.87891 14.0015 9.83643V12.1094H17.3599L16.8228 15.6099H14.0015V24.0723C19.7905 23.1631 24.2188 18.1533 24.2188 12.1094Z\" fill=\"#F8A25F\"><\/path><\/svg>\t\t\t<\/a>\n\t\t<\/div>\n\t\t\t\t\t\t<\/div>\n\t\t\t\t<\/div>\n\t\t\t\t<div class=\"elementor-element elementor-element-c975e61 elementor-view-default elementor-widget elementor-widget-icon\" data-id=\"c975e61\" data-element_type=\"widget\" data-e-type=\"widget\" data-widget_type=\"icon.default\">\n\t\t\t\t<div class=\"elementor-widget-container\">\n\t\t\t\t\t\t\t<div class=\"elementor-icon-wrapper\">\n\t\t\t<a class=\"elementor-icon elementor-animation-shrink\" href=\"https:\/\/www.youtube.com\/@Onthepaper-OTP\" target=\"_blank\" rel=\"noopener\">\n\t\t\t<svg aria-hidden=\"true\" class=\"e-font-icon-svg e-fab-youtube\" viewbox=\"0 0 576 512\" xmlns=\"http:\/\/www.w3.org\/2000\/svg\"><path d=\"M549.655 124.083c-6.281-23.65-24.787-42.276-48.284-48.597C458.781 64 288 64 288 64S117.22 64 74.629 75.486c-23.497 6.322-42.003 24.947-48.284 48.597-11.412 42.867-11.412 132.305-11.412 132.305s0 89.438 11.412 132.305c6.281 23.65 24.787 41.5 48.284 47.821C117.22 448 288 448 288 448s170.78 0 213.371-11.486c23.497-6.321 42.003-24.171 48.284-47.821 11.412-42.867 11.412-132.305 11.412-132.305s0-89.438-11.412-132.305zm-317.51 213.508V175.185l142.739 81.205-142.739 81.201z\"><\/path><\/svg>\t\t\t<\/a>\n\t\t<\/div>\n\t\t\t\t\t\t<\/div>\n\t\t\t\t<\/div>\n\t\t\t\t<\/div>\n\t\t\t\t<\/div>\n\t\t\t\t<\/div>\n\t\t<div class=\"elementor-element elementor-element-f4b8804 e-con-full e-flex e-con e-child\" data-id=\"f4b8804\" data-element_type=\"container\" data-e-type=\"container\">\n\t\t\t\t<div class=\"elementor-element elementor-element-3194815 elementor-widget elementor-widget-shortcode\" data-id=\"3194815\" data-element_type=\"widget\" data-e-type=\"widget\" data-widget_type=\"shortcode.default\">\n\t\t\t\t<div class=\"elementor-widget-container\">\n\t\t\t\t\t\t\t<div class=\"elementor-shortcode\"><div class=\"mccf-form-container\">\n\n    <h2>SIGN UP FOR CONSULTATION<\/h2>\n\n    <form id=\"mccf-contact-form\" action=\"\">\n\n        <div class=\"mccf-form-group\">\n\n            <label for=\"mccf-ho-va-ten\" class=\"sr-only\">Full name<\/label>\n\n            <input type=\"text\" id=\"mccf-ho-va-ten\" name=\"ho_va_ten\" placeholder=\"Full name\" required>\n\n        <\/div>\n\n        <div class=\"mccf-form-group\">\n\n            <label for=\"mccf-so-dien-thoai\" class=\"sr-only\">Phone number<\/label>\n\n            <input type=\"tel\" id=\"mccf-so-dien-thoai\" name=\"so_dien_thoai\" placeholder=\"Phone number\" required>\n\n        <\/div>\n\n        <div class=\"mccf-form-group\">\n\n            <label for=\"mccf-dia-chi-email\" class=\"sr-only\">Email address<\/label>\n\n            <input type=\"email\" id=\"mccf-dia-chi-email\" name=\"dia_chi_email\" placeholder=\"Email address\" required>\n\n        <\/div>\n\n        <div class=\"mccf-form-group\">\n\n            <label for=\"mccf-noi-dung\" class=\"sr-only\">Content you want to consult<\/label>\n\n            <textarea id=\"mccf-noi-dung\" name=\"noi_dung_muon_tu_van\" placeholder=\"Content you want to consult\" rows=\"4\" required><\/textarea>\n\n        <\/div>\n\n        <div class=\"mccf-form-group\">\n\n            <button type=\"submit\" id=\"mccf-submit-button\">GET CONSULTATION NOW<\/button>\n\n            <div class=\"mccf-loader\" style=\"display:none;\"><\/div>\n\n        <\/div>\n\n        <input type=\"hidden\" id=\"mccf_nonce\" name=\"mccf_nonce\" value=\"4207893590\" \/><input type=\"hidden\" name=\"_wp_http_referer\" value=\"\/en\/wp-json\/wp\/v2\/pages\/18\" \/>\n    <input type=\"hidden\" name=\"trp-form-language\" value=\"en\"\/><\/form>\n\n    <div id=\"mccf-popup\" class=\"mccf-popup\" style=\"display:none;\">\n\n        <div class=\"mccf-popup-content\">\n\n            <span class=\"mccf-close-popup\">&times;<\/span>\n\n            <p id=\"mccf-popup-message\"><\/p>\n\n        <\/div>\n\n    <\/div>\n\n<\/div><\/div>\n\t\t\t\t\t\t<\/div>\n\t\t\t\t<\/div>\n\t\t\t\t<\/div>\n\t\t\t\t\t<\/div>\n\t\t\t\t<\/div>\n\t\t<div class=\"elementor-element elementor-element-b4132dc e-con-full e-flex elementor-invisible e-con e-parent\" data-id=\"b4132dc\" data-element_type=\"container\" data-e-type=\"container\" data-settings=\"{&quot;background_background&quot;:&quot;classic&quot;,&quot;animation&quot;:&quot;fadeIn&quot;}\">\n\t\t\t\t<div class=\"elementor-element elementor-element-b8a7c83 elementor-widget elementor-widget-heading\" data-id=\"b8a7c83\" data-element_type=\"widget\" data-e-type=\"widget\" data-widget_type=\"heading.default\">\n\t\t\t\t<div class=\"elementor-widget-container\">\n\t\t\t\t\t<h2 class=\"elementor-heading-title elementor-size-default\">GOOGLE MAPS<\/h2>\t\t\t\t<\/div>\n\t\t\t\t<\/div>\n\t\t\t\t<div class=\"elementor-element elementor-element-1d992d8 elementor-widget elementor-widget-google_maps\" data-id=\"1d992d8\" data-element_type=\"widget\" data-e-type=\"widget\" data-widget_type=\"google_maps.default\">\n\t\t\t\t<div class=\"elementor-widget-container\">\n\t\t\t\t\t\t\t<div class=\"elementor-custom-embed\">\n\t\t\t<iframe loading=\"lazy\"\n\t\t\t\t\tsrc=\"https:\/\/maps.google.com\/maps?q=27%2F6%20%C4%90%C6%B0%E1%BB%9Dng%20B%C3%ACnh%20Ph%C3%BA%2C%20Ph%C6%B0%E1%BB%9Dng%20Tam%20Ph%C3%BA%2C%20Th%C3%A0nh%20ph%E1%BB%91%20Th%E1%BB%A7%20%C4%90%E1%BB%A9c%2C%20Th%C3%A0nh%20ph%E1%BB%91%20H%E1%BB%93%20Ch%C3%AD%20Minh%2C%20Vi%E1%BB%87t%20Nam%20&#038;t=m&#038;z=17&#038;output=embed&#038;iwloc=near\"\n\t\t\t\t\ttitle=\"27\/6 Binh Phu Street, Tam Phu Ward, Thu Duc City, Ho Chi Minh City, Vietnam \"\n\t\t\t\t\taria-label=\"27\/6 Binh Phu Street, Tam Phu Ward, Thu Duc City, Ho Chi Minh City, Vietnam \"\n\t\t\t><\/iframe>\n\t\t<\/div>\n\t\t\t\t\t\t<\/div>\n\t\t\t\t<\/div>\n\t\t\t\t<\/div>\n\t\t\t\t<\/div>","protected":false},"excerpt":{"rendered":"<p>LI\u00caN H\u1ec6 V\u1edaI CH\u00daNG T\u00d4I Ch\u00fang t\u00f4i lu\u00f4n s\u1eb5n s\u00e0ng gi\u00fap b\u1ea1n v\u00e0 tr\u1ea3 l\u1eddi nh\u1eefng c\u00e2u h\u1ecfi th\u1eafc m\u1eafc c\u1ee7a b\u1ea1n TH\u00d4NG TIN LI\u00caN H\u1ec6 27\/6 \u0110\u01b0\u1eddng B\u00ecnh Ph\u00fa, Ph\u01b0\u1eddng Tam Ph\u00fa, Th\u00e0nh ph\u1ed1 Th\u1ee7 \u0110\u1ee9c, Th\u00e0nh ph\u1ed1 H\u1ed3 Ch\u00ed Minh, Vi\u1ec7t Nam 0918 819 690 ho\u1eb7c 034 478 2407\u00a0 hello@the3dcards.com Theo d\u00f5i ch\u00fang [&hellip;]<\/p>\n","protected":false},"author":1,"featured_media":0,"parent":0,"menu_order":0,"comment_status":"closed","ping_status":"closed","template":"","meta":{"_acf_changed":false,"footnotes":""},"class_list":["post-18","page","type-page","status-publish","hentry"],"acf":[],"_links":{"self":[{"href":"https:\/\/onthepapercard.com\/en\/wp-json\/wp\/v2\/pages\/18","targetHints":{"allow":["GET"]}}],"collection":[{"href":"https:\/\/onthepapercard.com\/en\/wp-json\/wp\/v2\/pages"}],"about":[{"href":"https:\/\/onthepapercard.com\/en\/wp-json\/wp\/v2\/types\/page"}],"author":[{"embeddable":true,"href":"https:\/\/onthepapercard.com\/en\/wp-json\/wp\/v2\/users\/1"}],"replies":[{"embeddable":true,"href":"https:\/\/onthepapercard.com\/en\/wp-json\/wp\/v2\/comments?post=18"}],"version-history":[{"count":39,"href":"https:\/\/onthepapercard.com\/en\/wp-json\/wp\/v2\/pages\/18\/revisions"}],"predecessor-version":[{"id":2392,"href":"https:\/\/onthepapercard.com\/en\/wp-json\/wp\/v2\/pages\/18\/revisions\/2392"}],"wp:attachment":[{"href":"https:\/\/onthepapercard.com\/en\/wp-json\/wp\/v2\/media?parent=18"}],"curies":[{"name":"wp","href":"https:\/\/api.w.org\/{rel}","templated":true}]}}